{"id":709,"date":"2017-12-20T10:13:17","date_gmt":"2017-12-20T09:13:17","guid":{"rendered":"http:\/\/miomirisni-vrt.hr\/?post_type=product&#038;p=709\/"},"modified":"2018-01-17T10:26:45","modified_gmt":"2018-01-17T09:26:45","slug":"apoksiomen-massage-oil","status":"publish","type":"product","link":"https:\/\/miomirisni-vrt.hr\/en\/prirodni-proizvod\/apoksiomen-massage-oil\/","title":{"rendered":"Apoksiomen massage oil"},"content":{"rendered":"","protected":false},"excerpt":{"rendered":"<p><span id=\"result_box\" class=\"\" lang=\"en\"><span class=\"\">An antique notes oil for regeneration that gives you the scent of strength and strength.<\/span><\/span><\/p>\n<div id=\"js_be\" class=\"_3058 _ui9 _hh7 _s1- _52mr _3oh-\" data-tooltip-content=\"15:25\" data-hover=\"tooltip\" data-tooltip-position=\"left\">\n<div class=\"_aok\"><span class=\"_3oh- _58nk\"><a class=\"button  button_size_2\" href=\"http:\/\/miomirisni-vrt.hr\/en\/garden-information\/\"     target=\"_blank\"    title=\"\"><span class=\"button_label\">No available on internet store.<br \/>\nContact us for more info.<\/span><\/a>\n<\/span><\/div>\n<\/div>\n<p>&nbsp;<\/p>\n","protected":false},"featured_media":471,"template":"","meta":[],"product_brand":[],"product_cat":[37],"product_tag":[],"class_list":{"0":"post-709","1":"product","2":"type-product","3":"status-publish","4":"has-post-thumbnail","6":"product_cat-natural-products","8":"first","9":"instock","10":"shipping-taxable","11":"product-type-simple"},"yoast_head":"<!-- This site is optimized with the Yoast SEO plugin v27.3 - https:\/\/yoast.com\/product\/yoast-seo-wordpress\/ -->\n<title>Apoksiomen massage oil - Miomirisni oto\u010dki vrt<\/title>\n<meta name=\"robots\" content=\"index, follow, max-snippet:-1, max-image-preview:large, max-video-preview:-1\" \/>\n<link rel=\"canonical\" href=\"https:\/\/miomirisni-vrt.hr\/en\/prirodni-proizvod\/apoksiomen-massage-oil\/\" \/>\n<meta property=\"og:locale\" content=\"en_US\" \/>\n<meta property=\"og:type\" content=\"article\" \/>\n<meta property=\"og:title\" content=\"Apoksiomen massage oil - Miomirisni oto\u010dki vrt\" \/>\n<meta property=\"og:description\" content=\"An antique notes oil for regeneration that gives you the scent of strength and strength.    &nbsp;\" \/>\n<meta property=\"og:url\" content=\"https:\/\/miomirisni-vrt.hr\/en\/prirodni-proizvod\/apoksiomen-massage-oil\/\" \/>\n<meta property=\"og:site_name\" content=\"Miomirisni oto\u010dki vrt\" \/>\n<meta property=\"article:modified_time\" content=\"2018-01-17T09:26:45+00:00\" \/>\n<meta property=\"og:image\" content=\"https:\/\/miomirisni-vrt.hr\/wp-content\/uploads\/2017\/10\/ulje-za-masazu-apoksiomen-w.jpg\" \/>\n\t<meta property=\"og:image:width\" content=\"650\" \/>\n\t<meta property=\"og:image:height\" content=\"650\" \/>\n\t<meta property=\"og:image:type\" content=\"image\/jpeg\" \/>\n<meta name=\"twitter:card\" content=\"summary_large_image\" \/>\n<script type=\"application\/ld+json\" class=\"yoast-schema-graph\">{\"@context\":\"https:\\\/\\\/schema.org\",\"@graph\":[{\"@type\":\"WebPage\",\"@id\":\"https:\\\/\\\/miomirisni-vrt.hr\\\/en\\\/prirodni-proizvod\\\/apoksiomen-massage-oil\\\/\",\"url\":\"https:\\\/\\\/miomirisni-vrt.hr\\\/en\\\/prirodni-proizvod\\\/apoksiomen-massage-oil\\\/\",\"name\":\"Apoksiomen massage oil - Miomirisni oto\u010dki vrt\",\"isPartOf\":{\"@id\":\"https:\\\/\\\/miomirisni-vrt.hr\\\/#website\"},\"primaryImageOfPage\":{\"@id\":\"https:\\\/\\\/miomirisni-vrt.hr\\\/en\\\/prirodni-proizvod\\\/apoksiomen-massage-oil\\\/#primaryimage\"},\"image\":{\"@id\":\"https:\\\/\\\/miomirisni-vrt.hr\\\/en\\\/prirodni-proizvod\\\/apoksiomen-massage-oil\\\/#primaryimage\"},\"thumbnailUrl\":\"https:\\\/\\\/miomirisni-vrt.hr\\\/wp-content\\\/uploads\\\/2017\\\/10\\\/ulje-za-masazu-apoksiomen-w.jpg\",\"datePublished\":\"2017-12-20T09:13:17+00:00\",\"dateModified\":\"2018-01-17T09:26:45+00:00\",\"breadcrumb\":{\"@id\":\"https:\\\/\\\/miomirisni-vrt.hr\\\/en\\\/prirodni-proizvod\\\/apoksiomen-massage-oil\\\/#breadcrumb\"},\"inLanguage\":\"en-US\",\"potentialAction\":[{\"@type\":\"ReadAction\",\"target\":[\"https:\\\/\\\/miomirisni-vrt.hr\\\/en\\\/prirodni-proizvod\\\/apoksiomen-massage-oil\\\/\"]}]},{\"@type\":\"ImageObject\",\"inLanguage\":\"en-US\",\"@id\":\"https:\\\/\\\/miomirisni-vrt.hr\\\/en\\\/prirodni-proizvod\\\/apoksiomen-massage-oil\\\/#primaryimage\",\"url\":\"https:\\\/\\\/miomirisni-vrt.hr\\\/wp-content\\\/uploads\\\/2017\\\/10\\\/ulje-za-masazu-apoksiomen-w.jpg\",\"contentUrl\":\"https:\\\/\\\/miomirisni-vrt.hr\\\/wp-content\\\/uploads\\\/2017\\\/10\\\/ulje-za-masazu-apoksiomen-w.jpg\",\"width\":650,\"height\":650},{\"@type\":\"BreadcrumbList\",\"@id\":\"https:\\\/\\\/miomirisni-vrt.hr\\\/en\\\/prirodni-proizvod\\\/apoksiomen-massage-oil\\\/#breadcrumb\",\"itemListElement\":[{\"@type\":\"ListItem\",\"position\":1,\"name\":\"Po\u010detna stranica\",\"item\":\"https:\\\/\\\/miomirisni-vrt.hr\\\/en\\\/about-losinjs-fragrant-garden\\\/\"},{\"@type\":\"ListItem\",\"position\":2,\"name\":\"Naru\u010di online\",\"item\":\"https:\\\/\\\/miomirisni-vrt.hr\\\/naruci-online\\\/\"},{\"@type\":\"ListItem\",\"position\":3,\"name\":\"Apoksiomen massage oil\"}]},{\"@type\":\"WebSite\",\"@id\":\"https:\\\/\\\/miomirisni-vrt.hr\\\/#website\",\"url\":\"https:\\\/\\\/miomirisni-vrt.hr\\\/\",\"name\":\"Miomirisni oto\u010dki vrt\",\"description\":\"Oaza samoniklih i udoma\u0107enih miri\u0161ljavih oto\u010dkih biljaka\",\"potentialAction\":[{\"@type\":\"SearchAction\",\"target\":{\"@type\":\"EntryPoint\",\"urlTemplate\":\"https:\\\/\\\/miomirisni-vrt.hr\\\/?s={search_term_string}\"},\"query-input\":{\"@type\":\"PropertyValueSpecification\",\"valueRequired\":true,\"valueName\":\"search_term_string\"}}],\"inLanguage\":\"en-US\"}]}<\/script>\n<!-- \/ Yoast SEO plugin. -->","yoast_head_json":{"title":"Apoksiomen massage oil - Miomirisni oto\u010dki vrt","robots":{"index":"index","follow":"follow","max-snippet":"max-snippet:-1","max-image-preview":"max-image-preview:large","max-video-preview":"max-video-preview:-1"},"canonical":"https:\/\/miomirisni-vrt.hr\/en\/prirodni-proizvod\/apoksiomen-massage-oil\/","og_locale":"en_US","og_type":"article","og_title":"Apoksiomen massage oil - Miomirisni oto\u010dki vrt","og_description":"An antique notes oil for regeneration that gives you the scent of strength and strength.    &nbsp;","og_url":"https:\/\/miomirisni-vrt.hr\/en\/prirodni-proizvod\/apoksiomen-massage-oil\/","og_site_name":"Miomirisni oto\u010dki vrt","article_modified_time":"2018-01-17T09:26:45+00:00","og_image":[{"width":650,"height":650,"url":"https:\/\/miomirisni-vrt.hr\/wp-content\/uploads\/2017\/10\/ulje-za-masazu-apoksiomen-w.jpg","type":"image\/jpeg"}],"twitter_card":"summary_large_image","schema":{"@context":"https:\/\/schema.org","@graph":[{"@type":"WebPage","@id":"https:\/\/miomirisni-vrt.hr\/en\/prirodni-proizvod\/apoksiomen-massage-oil\/","url":"https:\/\/miomirisni-vrt.hr\/en\/prirodni-proizvod\/apoksiomen-massage-oil\/","name":"Apoksiomen massage oil - Miomirisni oto\u010dki vrt","isPartOf":{"@id":"https:\/\/miomirisni-vrt.hr\/#website"},"primaryImageOfPage":{"@id":"https:\/\/miomirisni-vrt.hr\/en\/prirodni-proizvod\/apoksiomen-massage-oil\/#primaryimage"},"image":{"@id":"https:\/\/miomirisni-vrt.hr\/en\/prirodni-proizvod\/apoksiomen-massage-oil\/#primaryimage"},"thumbnailUrl":"https:\/\/miomirisni-vrt.hr\/wp-content\/uploads\/2017\/10\/ulje-za-masazu-apoksiomen-w.jpg","datePublished":"2017-12-20T09:13:17+00:00","dateModified":"2018-01-17T09:26:45+00:00","breadcrumb":{"@id":"https:\/\/miomirisni-vrt.hr\/en\/prirodni-proizvod\/apoksiomen-massage-oil\/#breadcrumb"},"inLanguage":"en-US","potentialAction":[{"@type":"ReadAction","target":["https:\/\/miomirisni-vrt.hr\/en\/prirodni-proizvod\/apoksiomen-massage-oil\/"]}]},{"@type":"ImageObject","inLanguage":"en-US","@id":"https:\/\/miomirisni-vrt.hr\/en\/prirodni-proizvod\/apoksiomen-massage-oil\/#primaryimage","url":"https:\/\/miomirisni-vrt.hr\/wp-content\/uploads\/2017\/10\/ulje-za-masazu-apoksiomen-w.jpg","contentUrl":"https:\/\/miomirisni-vrt.hr\/wp-content\/uploads\/2017\/10\/ulje-za-masazu-apoksiomen-w.jpg","width":650,"height":650},{"@type":"BreadcrumbList","@id":"https:\/\/miomirisni-vrt.hr\/en\/prirodni-proizvod\/apoksiomen-massage-oil\/#breadcrumb","itemListElement":[{"@type":"ListItem","position":1,"name":"Po\u010detna stranica","item":"https:\/\/miomirisni-vrt.hr\/en\/about-losinjs-fragrant-garden\/"},{"@type":"ListItem","position":2,"name":"Naru\u010di online","item":"https:\/\/miomirisni-vrt.hr\/naruci-online\/"},{"@type":"ListItem","position":3,"name":"Apoksiomen massage oil"}]},{"@type":"WebSite","@id":"https:\/\/miomirisni-vrt.hr\/#website","url":"https:\/\/miomirisni-vrt.hr\/","name":"Miomirisni oto\u010dki vrt","description":"Oaza samoniklih i udoma\u0107enih miri\u0161ljavih oto\u010dkih biljaka","potentialAction":[{"@type":"SearchAction","target":{"@type":"EntryPoint","urlTemplate":"https:\/\/miomirisni-vrt.hr\/?s={search_term_string}"},"query-input":{"@type":"PropertyValueSpecification","valueRequired":true,"valueName":"search_term_string"}}],"inLanguage":"en-US"}]}},"_links":{"self":[{"href":"https:\/\/miomirisni-vrt.hr\/en\/wp-json\/wp\/v2\/product\/709","targetHints":{"allow":["GET"]}}],"collection":[{"href":"https:\/\/miomirisni-vrt.hr\/en\/wp-json\/wp\/v2\/product"}],"about":[{"href":"https:\/\/miomirisni-vrt.hr\/en\/wp-json\/wp\/v2\/types\/product"}],"wp:featuredmedia":[{"embeddable":true,"href":"https:\/\/miomirisni-vrt.hr\/en\/wp-json\/wp\/v2\/media\/471"}],"wp:attachment":[{"href":"https:\/\/miomirisni-vrt.hr\/en\/wp-json\/wp\/v2\/media?parent=709"}],"wp:term":[{"taxonomy":"product_brand","embeddable":true,"href":"https:\/\/miomirisni-vrt.hr\/en\/wp-json\/wp\/v2\/product_brand?post=709"},{"taxonomy":"product_cat","embeddable":true,"href":"https:\/\/miomirisni-vrt.hr\/en\/wp-json\/wp\/v2\/product_cat?post=709"},{"taxonomy":"product_tag","embeddable":true,"href":"https:\/\/miomirisni-vrt.hr\/en\/wp-json\/wp\/v2\/product_tag?post=709"}],"curies":[{"name":"wp","href":"https:\/\/api.w.org\/{rel}","templated":true}]}}